{"id":173,"date":"2015-10-20T14:13:28","date_gmt":"2015-10-20T12:13:28","guid":{"rendered":"http:\/\/127.0.0.1\/neumann\/?page_id=173"},"modified":"2015-10-22T11:50:25","modified_gmt":"2015-10-22T09:50:25","slug":"fotopositionen","status":"publish","type":"page","link":"https:\/\/berlin-aviation-spotting.de\/wordpress\/fotopositionen\/","title":{"rendered":"Fotopositionen"},"content":{"rendered":"<section>\n<h2>\u00dcbersicht der Fotopositionen am Flughafen Sch\u00f6nefeld<\/h2>\n<p>Dieser Karte k\u00f6nnen Sie alle g\u00e4ngigen Fotopositionen entnehmen. Beachtet wurden dabei die Fotopositionen an der Nord- und S\u00fcdbahn.<\/p>\n<p>F\u00fcr ein Beispielfoto und weitere Informationen klicken Sie bitte auf die jeweilige Verlinkung, Rechts neben dem Bild.<\/p>\n<p>&nbsp;<\/p>\n<p><!-- Imagemap funktioniert leider nicht\n\n\n\n<map id=\"Imagemap-SXF\" name=\"Imagemap-SXF\">\n\n\n\n<area title=\"Position1\" alt=\"Position1\" coords=\"952,101,981,129\" shape=\"rect\" href=\"Seiten\/ImagemapPositionen\/Posi1.html\" \/>\n\n\n\n<area title=\"Position2\" alt=\"Position2\" coords=\"1094,83,1125,109\" shape=\"rect\" href=\"Seiten\/ImagemapPositionen\/Posi2.html\" \/>\n\n\n\n<area title=\"Position3\" alt=\"Position3\" coords=\"469,255,500,281\" shape=\"rect\" href=\"Seiten\/ImagemapPositionen\/Posi3.html\" \/>\n\n\n\n<area title=\"Position4\" alt=\"Position4\" coords=\"1134,356,1169,390\" shape=\"rect\" href=\"Seiten\/ImagemapPositionen\/Posi4.html\" \/>\n\n\n\n<area title=\"Position5\" alt=\"Position5\" coords=\"839,429,872,458\" shape=\"rect\" href=\"Seiten\/ImagemapPositionen\/Posi5.html\" \/>\n\n\n\n<area title=\"Position6\" alt=\"Position6\" coords=\"1028,584,1057,616\" shape=\"rect\" href=\"Seiten\/ImagemapPositionen\/Posi6.html\" \/>\n\n\n\n<area title=\"Position7\" alt=\"Position7\" coords=\"980,714,1007,735\" shape=\"rect\" href=\"Seiten\/ImagemapPositionen\/Posi7.html\" \/>\n\n\n\n<area title=\"Position8\" alt=\"Position8\" coords=\"116,717,142,736\" shape=\"rect\" href=\"Seiten\/ImagemapPositionen\/Posi8.html\" \/> <\/map>\n\n\n\n --><\/p>\n<p><a  href=\"..\/wp-content\/uploads\/2015\/10\/imagemap.png\" data-rel=\"lightbox-gallery-0\" data-rl_title=\"\" data-rl_caption=\"\" title=\"\"><img loading=\"lazy\" decoding=\"async\" class=\"alignleft size-large wp-image-130\" src=\"..\/wp-content\/uploads\/2015\/10\/imagemap-1024x612.png\" alt=\"imagemap\" width=\"750\" height=\"448\" srcset=\"https:\/\/berlin-aviation-spotting.de\/wordpress\/wp-content\/uploads\/2015\/10\/imagemap-1024x612.png 1024w, https:\/\/berlin-aviation-spotting.de\/wordpress\/wp-content\/uploads\/2015\/10\/imagemap-500x299.png 500w, https:\/\/berlin-aviation-spotting.de\/wordpress\/wp-content\/uploads\/2015\/10\/imagemap-300x179.png 300w, https:\/\/berlin-aviation-spotting.de\/wordpress\/wp-content\/uploads\/2015\/10\/imagemap-768x459.png 768w, https:\/\/berlin-aviation-spotting.de\/wordpress\/wp-content\/uploads\/2015\/10\/imagemap.png 1232w\" sizes=\"auto, (max-width: 750px) 100vw, 750px\" \/><\/a>Positions-Beschreibungen:<\/p>\n<p><strong><a href=\"https:\/\/berlin-aviation-spotting.de\/wordpress\/2010\/01\/position-1\/\">Position 1<\/a><\/strong><\/p>\n<p><strong><a href=\"https:\/\/berlin-aviation-spotting.de\/wordpress\/2010\/01\/position-2\/\">Position 2<\/a><\/strong><\/p>\n<p><strong><a href=\"https:\/\/berlin-aviation-spotting.de\/wordpress\/2010\/01\/position-3\/\">Position 3<\/a><\/strong><\/p>\n<p><strong><a href=\"https:\/\/berlin-aviation-spotting.de\/wordpress\/2010\/01\/position-4\/\">Position 4<\/a><\/strong><\/p>\n<p><strong><a href=\"https:\/\/berlin-aviation-spotting.de\/wordpress\/2010\/01\/position-5\/\">Position 5<\/a><\/strong><\/p>\n<p><strong><a href=\"https:\/\/berlin-aviation-spotting.de\/wordpress\/2010\/01\/position-6\/\">Position 6<\/a><\/strong><\/p>\n<p><strong><a href=\"https:\/\/berlin-aviation-spotting.de\/wordpress\/2010\/01\/position-7\/\">Position 7<\/a><\/strong><\/p>\n<p><strong><a href=\"https:\/\/berlin-aviation-spotting.de\/wordpress\/2010\/01\/position-8\/\">Position 8<\/a><\/strong><\/p>\n<\/section>\n","protected":false},"excerpt":{"rendered":"<p>\u00dcbersicht der Fotopositionen am Flughafen Sch\u00f6nefeld Dieser Karte k\u00f6nnen Sie alle g\u00e4ngigen Fotopositionen entnehmen. Beachtet wurden dabei die Fotopositionen an der Nord- und S\u00fcdbahn. F\u00fcr ein Beispielfoto und weitere Informationen klicken Sie bitte auf die jeweilige Verlinkung, Rechts neben dem Bild. &nbsp; Positions-Beschreibungen: Position 1 Position 2 Position 3 Position 4 Position 5 Position 6 [&hellip;]<\/p>\n","protected":false},"author":1,"featured_media":0,"parent":0,"menu_order":0,"comment_status":"closed","ping_status":"open","template":"_g2\/page-onecolumn.php","meta":{"footnotes":""},"class_list":["post-173","page","type-page","status-publish","hentry"],"_links":{"self":[{"href":"https:\/\/berlin-aviation-spotting.de\/wordpress\/wp-json\/wp\/v2\/pages\/173","targetHints":{"allow":["GET"]}}],"collection":[{"href":"https:\/\/berlin-aviation-spotting.de\/wordpress\/wp-json\/wp\/v2\/pages"}],"about":[{"href":"https:\/\/berlin-aviation-spotting.de\/wordpress\/wp-json\/wp\/v2\/types\/page"}],"author":[{"embeddable":true,"href":"https:\/\/berlin-aviation-spotting.de\/wordpress\/wp-json\/wp\/v2\/users\/1"}],"replies":[{"embeddable":true,"href":"https:\/\/berlin-aviation-spotting.de\/wordpress\/wp-json\/wp\/v2\/comments?post=173"}],"version-history":[{"count":22,"href":"https:\/\/berlin-aviation-spotting.de\/wordpress\/wp-json\/wp\/v2\/pages\/173\/revisions"}],"predecessor-version":[{"id":609,"href":"https:\/\/berlin-aviation-spotting.de\/wordpress\/wp-json\/wp\/v2\/pages\/173\/revisions\/609"}],"wp:attachment":[{"href":"https:\/\/berlin-aviation-spotting.de\/wordpress\/wp-json\/wp\/v2\/media?parent=173"}],"curies":[{"name":"wp","href":"https:\/\/api.w.org\/{rel}","templated":true}]}}